{"id":23845,"date":"2018-11-14T23:00:55","date_gmt":"2018-11-14T22:00:55","guid":{"rendered":"https:\/\/goatlongboards.com\/?page_id=23845"},"modified":"2018-11-14T23:00:55","modified_gmt":"2018-11-14T22:00:55","slug":"legal-notice","status":"publish","type":"page","link":"https:\/\/goatlongboards.com\/en\/legal-notice\/","title":{"rendered":"Legal Notice"},"content":{"rendered":"<p>[vc_row css=&#8221;.vc_custom_1506971142024{background-image: url(http:\/\/goatlongboards.com\/wp-content\/uploads\/2016\/03\/goatlongboards-goat-longboard-boards-aviso-legal-cabecera.jpg?id=22736) !important;background-position: center !important;background-repeat: no-repeat !important;background-size: cover !important;}&#8221; el_id=&#8221;cabecera-politicas&#8221; el_class=&#8221;cabecera-grande&#8221;][vc_column][vc_column_text]<\/p>\n<h1>Legal notice<\/h1>\n<hr \/>\n<p>[\/vc_column_text][\/vc_column][\/vc_row][vc_row el_id=&#8221;custom-breadcrumbs&#8221;][vc_column][vc_column_text]<a href=\"http:\/\/goatlongboards.com\/\">Home<\/a> \/ Legal notice[\/vc_column_text][\/vc_column][\/vc_row][vc_row wrap_type=&#8221;in_container&#8221;][vc_column][vc_column_text el_class=&#8221;subheader-politica&#8221;]<\/p>\n<div class=\"page\" title=\"Page 1\">\n<div class=\"section\">\n<div class=\"layoutArea\">\n<div class=\"column\">\n<p>Legal information pertaining to the webpage and its contents.<\/p>\n<p>The present webpage is property of Goat Longboards, under the commercial name of LaundryLabs S.L., and registered in the Commercial Register of Navarra, Volume 1580, Book 0, Sheet 166, Page NA-31388 Entry 1, with C.I.F B71071062 and head office in Poli\u0301gono Alakaiaga, C\/ Sastri\u0301n 10, 31770 Lesaka (Navarra).<\/p>\n<\/div>\n<\/div>\n<\/div>\n<\/div>\n<p>[\/vc_column_text][\/vc_column][\/vc_row][vc_row wrap_type=&#8221;in_container&#8221; el_class=&#8221;contenido-politicas&#8221;][vc_column width=&#8221;1\/3&#8243;][vc_column_text]<\/p>\n<h3><strong>Purpose.<\/strong><\/h3>\n<p>[\/vc_column_text][\/vc_column][vc_column width=&#8221;2\/3&#8243;][vc_column_text]The present legal notice regulates the use of website <a href=\"https:\/\/www.goatlongboards.com\/\">https:\/\/www.goatlongboards.com\/<\/a> of which LAUNDRY LABS,S.L. (hereinafter, GOAT LONG BOARDS) is holder.<\/p>\n<p>The navigation through the GOAT LONG BOARDS website attributes the condition of USER of such, and implies the USER&#8217;S unreserved and full acceptance of such terms and conditions on this legal notice, noting that such published terms and conditions can me modified without previous notice by the part of GOAT LONG BOARDS, in which case the publishing and warning of such will be done as far in advance as possible.<\/p>\n<p>This is why it is highly recommended to read its content in case you desire to access and make use of the information and services provided on this website.<\/p>\n<p>The user is also obliged to make proper use of the website, in accordance with public legislation, good faith, public order and this Legal Notice. The user will also be held liable before GOAT LONG BOARDS or third parties, for whatever damages and prejudices that may derive from the non-fulfillment of the aforementioned obligations.<\/p>\n<p>Any use other than the authorized is expressly prohibited, so that GOAT LONGBOARDS may refuse or withdraw use and access at any time.[\/vc_column_text][\/vc_column][\/vc_row][vc_row wrap_type=&#8221;in_container&#8221; el_class=&#8221;contenido-politicas&#8221;][vc_column width=&#8221;1\/3&#8243;][vc_column_text]<\/p>\n<h3><strong>Identification.<\/strong><\/h3>\n<p>[\/vc_column_text][\/vc_column][vc_column width=&#8221;2\/3&#8243;][vc_column_text]GOAT LONG BOARDS in compliance with law 34\/2002, July 11th, of Society Services of Information and Electronic Commerce (Servicios de la Sociedad de la Informaci\u00f3n y de Comercio Electr\u00f3nico) inform you that:<\/p>\n<p>Its Company Name is: LAUNDRY LABS, S.L.<\/p>\n<p>Its Commercial Name is: GOAT LONGBOARDS<\/p>\n<p>Its CIF is: B71071062.<\/p>\n<p>Its Registered Office is located at: CALLE SASTRIN 10 POLIGONO ALKAIAGA, 31770 in LESAKA (NAVARRA).<\/p>\n<p>Its registered in the Commercial Registry of FFF volume 111, folio 222, page 333.[\/vc_column_text][\/vc_column][\/vc_row][vc_row wrap_type=&#8221;in_container&#8221; el_class=&#8221;contenido-politicas&#8221;][vc_column width=&#8221;1\/3&#8243;][vc_column_text]<\/p>\n<h3><strong>Communication.<\/strong><\/h3>\n<p>[\/vc_column_text][\/vc_column][vc_column width=&#8221;2\/3&#8243;][vc_column_text]In order for you to get in touch with us, we place at your disposal the following means of communicating with us:<\/p>\n<p>Phone: +34 948630127<\/p>\n<p>Email: judith@goatlongboards.com<\/p>\n<p>Postal Address: CALLE SASTRIN 10 POLIGONO ALKAIAGA, 31770 de LESAKA (NAVARRA).<\/p>\n<p>All notifications and communication between GOAT LONG BOARDS shall be deemed effective for all purposes, when conducted through the previously mention means of communication.[\/vc_column_text][\/vc_column][\/vc_row][vc_row wrap_type=&#8221;in_container&#8221; el_class=&#8221;contenido-politicas&#8221;][vc_column width=&#8221;1\/3&#8243;][vc_column_text]<\/p>\n<h3><strong>Access and communication conditions.<\/strong><\/h3>\n<p>[\/vc_column_text][\/vc_column][vc_column width=&#8221;2\/3&#8243;][vc_column_text]In order for you to get in touch with us, we place at your disposal the following means of communicating with us:<\/p>\n<p>Phone: +34 948630127<\/p>\n<p>Email: judith@goatlongboards.com<\/p>\n<p>Postal Address: CALLE SASTRIN 10 POLIGONO ALKAIAGA, 31770 de LESAKA (NAVARRA).<\/p>\n<p>All notifications and communication between GOAT LONG BOARDS shall be deemed effective for all purposes, when conducted through the previously mention means of communication.<\/p>\n<h3><strong>Access and communication conditions.<\/strong><\/h3>\n<p><strong>\u00a0<\/strong>The website and its services are of free access and toll free. Nevertheless, GOAT LONG BOARDS may condition the use of certain services offered on their website on the prior completion of the corresponding form.<\/p>\n<p>The user guarantees the authenticity and updating of all data provided to GOAT LONG BOARDS and will be the only one to be held responsible for the false or inexact manifestations he or she performs.<\/p>\n<p>The user expressly commits to making adequate use of the contents and services provided by GOAT LONG BOARDS and not to use them, amongst other things, to:<\/p>\n<p>Disseminate\u00a0illegal,\u00a0pornographic, racists, xenophobes, offensives, advocating terrorism\u00a0or\u00a0in\u00a0general, contents opposite to the\u00a0law and\u00a0public order.<\/p>\n<p>Introducing onto the network computer viruses or carrying out actions which are liable to change, spoil, interrupt or generate errors or damage in the electronic documents, data por physical and logical systems of GOAT LONG BOARDS or third parties; as well as obstructing other users the access and services of the website through massive consumption of the computer resources through which GOAT LONG BOARDS provides its services.<\/p>\n<p>Attempting access to the email accounts of other users or restricted areas within the GOAT LONGBOARDS computer systems or a third parties\u2019, and if applicable, the extraction of information.<\/p>\n<p>Any breach of the\u00a0intellectual or\u00a0industrial\u00a0property\u00a0rights as well as the violation of confidential information belonging\u00a0to GOAT LONG BOARDS or to third parties.<\/p>\n<h3><strong>Attempting to impersonate any other user.<\/strong><\/h3>\n<p>Reproduction, copying, distribution, granting access, or any other form of public distribution, transformation or modification of content, unless you have permission from the owner of the corresponding rights or if it is legally permitted.<\/p>\n<p>Compiling data for advertising purposes and the broadcasting of advertisement of any time as well as any advertising form of communications without prior request or consent.<\/p>\n<p>All the contents on the website, such as texts, photos, graphics, images, icons, technology, software, as well as their graphic design and source code constitute a work of intelectual property owned by GOAT LONG BOARDS, without transferring to users any rights to exploit them beyond what is strictly necessary for the proper use of the web.<\/p>\n<p>Ultimately,\u00a0the users who\u00a0gain\u00a0access\u00a0to\u00a0this website will be able\u00a0to view\u00a0the contents and make, if deemed appropriate,\u00a0private and authorized copies, as long as the elements reproduced are not subsequently ceded to third parties or installed in servers connected to networks, or are subject to any kind of exploitation.<\/p>\n<p>Likewise, all trademarks, trade\u00a0names\u00a0or logos\u00a0of\u00a0any kind that appearing\u00a0on the website\u00a0are the\u00a0property of\u00a0GOAT LONG BOARDS. Access to this website can in no way be understood as conferring any rights on the above-mentioned to the user.<\/p>\n<p>The distribution, modification, transferring, public disclosure of the contents and any other acts which have not been expressly authorized by the holder of the exploitation rights is strictly prohibited.<\/p>\n<p>The establishment of\u00a0an\u00a0hyperlink, does not by any means imply\u00a0any existing relationship between\u00a0GOAT LONG BOARDS and the owner of the website where such link is established, nor the acceptance and approval on behalf of GOAT LONG BOARDS regarding its contents or services.<\/p>\n<p>GOAT LONG BOARDS is not responsible for the use that each user gives to the materials made available to them on this website nor for the actions performed as a result thereof.<\/p>\n<h3><strong>3.1 Exclusion of guaranties and liability on access and use<\/strong><\/h3>\n<p><strong>\u00a0<\/strong>The content of\u00a0this\u00a0website is\u00a0of\u00a0a general nature and its\u00a0aim is merely to\u00a0provide information. No guarantee is given for access to all contents, nor their thoroughness, correction, validity or accuracy, nor their suitability or utility for one specific purpose.<\/p>\n<p>GOAT LONG BOARDS excludes, if the legal system so allows, any responsibility over damage and prejudice of any nature derived from:<\/p>\n<p>The inability to access the website, lack of truthfulness, accuracy, thoroughness, and\/or the currency of contents transmitted, broadcasted, stored, offered, accessed through the website, as well as the services offered through such.<\/p>\n<p>The presence of a virus or other elements in the contents which my produce alterations in computer systems, electronic documents or user data.<\/p>\n<p>The infringement of laws, good faith, public order, and use of traffic in the present legal notice as a consequence of the incorrect use of the website. In particular and by way of example, GOAT LONG BOARDS assumes no responsibility over the actions of third parties which may violate the rights of intelectual and industrial property, trade secrets, right to honor, intimate and family intimacy, personal image, as well as the laws regarding fair competition\u00a0and illegal advertising.<\/p>\n<p>Likewise, GOAT LONG BOARDS declines any responsibility over the information found outside this website and which is not directly managed by our webmaster. The purpose\u00a0of\u00a0the\u00a0links appearing on\u00a0this\u00a0website is solely to inform the user about the existence of other sources with the potential of amplifying the contents offered on this website. GOAT LONG BOARDS does not guaranty and will not be held accountable for the functioning and accessibility of the linked sites; GOAT LONG BOARDS doesn\u2019t suggest, invite or recommend visiting such neither, and hence will not be held accountable for the results obtained. GOAT LONG BOARDS is not responsible\u00a0for\u00a0the creation of hyperlinks by third\u00a0parties<\/p>\n<h3><strong>3.2 Procedure in the event of unlawful activities<\/strong><\/h3>\n<p>In the event of any user or third party considering that there are deeds or circumstances which reveal an unlawful nature to the use of any content and\/or the performing of any activity on the webpages included or accesible through the website, this user must notify GOAT LONG BOARDS by providing proper identification and specifically stating the alleged violations.<\/p>\n<h3><strong>3.3 Publications<\/strong><\/h3>\n<p>The administrative information provided through the website shall not replace the legal announcement of laws, norms, plans, general dispositions and acts which must be formally published in official diaries or print editions of public administrations, which institute the sole binding instruments which regard to the authenticity and content thereof.[\/vc_column_text][\/vc_column][\/vc_row][vc_row wrap_type=&#8221;in_container&#8221; el_class=&#8221;contenido-politicas&#8221;][vc_column width=&#8221;1\/3&#8243;][vc_column_text]<\/p>\n<h3><strong>Privacy Policy.<\/strong><\/h3>\n<p>[\/vc_column_text][\/vc_column][vc_column width=&#8221;2\/3&#8243;][vc_column_text]Should we require any information from you, we will always ask you to provide it voluntarily and expressly. The information compiled from the forms on the website or other means, will be incorporated to a file register of personal data properly inscribed in the Registro General de Protecci\u00f3n de Datos de la Agencia Espa\u00f1ola de Protecci\u00f3n de Datos (Spanish Agency of Data Protection\u2019s General Registry of Data Protection) under the responsibility of LAUNDRY LABS, S.L. (hereinafter GOAT LONG BOARDS). This entity will treat the data confidential and exclusively with the purpose of offering the requested services, with all legal and security guarantees imposed by the Organic Law 15\/1999, December 13, Protecci\u00f3n de Datos de Car\u00e1cter Personal (Protection of Data of a Personal Nature), adapted to the new RGPD UE 2016\/679\u00a0and the Royal Decree 1720\/2007, December 21st , and Law 34\/2002, July 11th, of the Society\u00a0of\u00a0the Information and\u00a0of\u00a0Electronic\u00a0Commerce.<\/p>\n<p>GOAT LONG BOARDS will not share or relinquish data to third parties without express consent.<\/p>\n<p>Likewise, GOAT LONG BOARDS, will cancel or rectify the data when found to be inexact, incomplete or have ceased to be necessary or pertinent for their intended purpose, in accordance with Organic Law 15\/1999, December 13th, of the Protection of Data of a Personal Nature.<\/p>\n<p>The user can revoke consent and exercise right to access, rectification, cancelation and position by writing to the following address:<\/p>\n<p>GOAT LONG BOARDS, sito en CALLE SASTRIN 10 POLIGONO ALKAIAGA, 31770 de LESAKA (NAVARRA) providing proper identification and specifically stating the right they wish to exercise.<\/p>\n<p>GOAT LONG BOARDS takes the corresponding security measures required by the cited Ley Org\u00e1nica (Organic Law) 15\/1999 and RGPD UE 2016 \/ 679, and all aplicable norms. However, it cannot guaranty the absolute invulnerability of the systems, by which, it will not assume any responsibility over damage or prejudice derived from alterations on the computer systems, electronic documents and user files caused by third parties.<\/p>\n<p>If you opt to abandon our website through links to other websites not belonging to our entity, GOAT LONG BOARDS will not be held accountable for the privacy policies in such websites, or the cookies these might store in the user\u2019s computer.<\/p>\n<p>Our policy regarding e-mail is\u00a0based on sending solely communications\u00a0that you had previously requested.<\/p>\n<p>If you would rather not receive these messages through email, we will offer through such, the possibility to exercise your cancellation\u00a0rights\u00a0and\u00a0waiver of receiving these messages, in\u00a0accordance\u00a0with provisions\u00a0of Title III, Article 22 of Law 34\/2002 on Services for the Information Society and Electronic Commerce.<\/p>\n<p>[\/vc_column_text][\/vc_column][\/vc_row][vc_row wrap_type=&#8221;in_container&#8221; el_class=&#8221;contenido-politicas&#8221;][vc_column width=&#8221;1\/3&#8243;][vc_column_text]<\/p>\n<h3><strong>Applicable legislation.<\/strong><\/h3>\n<p>[\/vc_column_text][\/vc_column][vc_column width=&#8221;2\/3&#8243;][vc_column_text]<strong>\u00a0<\/strong>These general terms and conditions shall be governed by the European legislation, and in such case will depend on the control Authority, AEPD, the current Spanish legislation.<\/p>\n<p>The language used will be Spanish.[\/vc_column_text][\/vc_column][\/vc_row]<\/p>\n","protected":false},"excerpt":{"rendered":"<p>[vc_row css=&#8221;.vc_custom_1506971142024{background-image: url(http:\/\/goatlongboards.com\/wp-content\/uploads\/2016\/03\/goatlongboards-goat-longboard-boards-aviso-legal-cabecera.jpg?id=22736) !important;background-position: center !important;background-repeat: no-repeat !important;background-size: cover !important;}&#8221; el_id=&#8221;cabecera-politicas&#8221; el_class=&#8221;cabecera-grande&#8221;][vc_column][vc_column_text] Legal notice [\/vc_column_text][\/vc_column][\/vc_row][vc_row el_id=&#8221;custom-breadcrumbs&#8221;][vc_column][vc_column_text]Home \/ Legal notice[\/vc_column_text][\/vc_column][\/vc_row][vc_row wrap_type=&#8221;in_container&#8221;][vc_column][vc_column_text el_class=&#8221;subheader-politica&#8221;] Legal information pertaining to the webpage and its contents. The present webpage is property of Goat Longboards, under the commercial name of LaundryLabs S.L., and registered in the Commercial Register of Navarra, Volume 1580, Book 0, Sheet 166, Page&#8230;<\/p>\n","protected":false},"author":12,"featured_media":0,"parent":0,"menu_order":0,"comment_status":"closed","ping_status":"closed","template":"page-full-width.php","meta":{"spay_email":""},"yoast_head":"<!-- This site is optimized with the Yoast SEO plugin v15.5 - https:\/\/yoast.com\/wordpress\/plugins\/seo\/ -->\n<title>Legal Notice | Goat Longboards<\/title>\n<meta name=\"robots\" content=\"noindex, follow\" \/>\n<meta property=\"og:locale\" content=\"en_US\" \/>\n<meta property=\"og:type\" content=\"article\" \/>\n<meta property=\"og:title\" content=\"Legal Notice | Goat Longboards\" \/>\n<meta property=\"og:description\" content=\"[vc_row css=&#8221;.vc_custom_1506971142024{background-image: url(http:\/\/goatlongboards.com\/wp-content\/uploads\/2016\/03\/goatlongboards-goat-longboard-boards-aviso-legal-cabecera.jpg?id=22736) !important;background-position: center !important;background-repeat: no-repeat !important;background-size: cover !important;}&#8221; el_id=&#8221;cabecera-politicas&#8221; el_class=&#8221;cabecera-grande&#8221;][vc_column][vc_column_text] Legal notice [\/vc_column_text][\/vc_column][\/vc_row][vc_row el_id=&#8221;custom-breadcrumbs&#8221;][vc_column][vc_column_text]Home \/ Legal notice[\/vc_column_text][\/vc_column][\/vc_row][vc_row wrap_type=&#8221;in_container&#8221;][vc_column][vc_column_text el_class=&#8221;subheader-politica&#8221;] Legal information pertaining to the webpage and its contents. The present webpage is property of Goat Longboards, under the commercial name of LaundryLabs S.L., and registered in the Commercial Register of Navarra, Volume 1580, Book 0, Sheet 166, Page...\" \/>\n<meta property=\"og:url\" content=\"http:\/\/goatlongboards.com\/en\/legal-notice\/\" \/>\n<meta property=\"og:site_name\" content=\"Goat Longboards\" \/>\n<meta property=\"article:publisher\" content=\"http:\/\/www.facebook.com\/goatlongboards\" \/>\n<meta name=\"twitter:card\" content=\"summary_large_image\" \/>\n<meta name=\"twitter:site\" content=\"@goatlongboards\" \/>\n<meta name=\"twitter:label1\" content=\"Est. reading time\">\n\t<meta name=\"twitter:data1\" content=\"9 minutes\">\n<script type=\"application\/ld+json\" class=\"yoast-schema-graph\">{\"@context\":\"https:\/\/schema.org\",\"@graph\":[{\"@type\":\"WebSite\",\"@id\":\"https:\/\/goatlongboards.com\/#website\",\"url\":\"https:\/\/goatlongboards.com\/\",\"name\":\"Goat Longboards\",\"description\":\"Otro sitio realizado con WordPress\",\"potentialAction\":[{\"@type\":\"SearchAction\",\"target\":\"https:\/\/goatlongboards.com\/?s={search_term_string}\",\"query-input\":\"required name=search_term_string\"}],\"inLanguage\":\"en-US\"},{\"@type\":\"WebPage\",\"@id\":\"https:\/\/goatlongboards.com\/en\/legal-notice\/#webpage\",\"url\":\"https:\/\/goatlongboards.com\/en\/legal-notice\/\",\"name\":\"Legal Notice | Goat Longboards\",\"isPartOf\":{\"@id\":\"https:\/\/goatlongboards.com\/#website\"},\"datePublished\":\"2018-11-14T22:00:55+00:00\",\"dateModified\":\"2018-11-14T22:00:55+00:00\",\"inLanguage\":\"en-US\",\"potentialAction\":[{\"@type\":\"ReadAction\",\"target\":[\"https:\/\/goatlongboards.com\/en\/legal-notice\/\"]}]}]}<\/script>\n<!-- \/ Yoast SEO plugin. -->","jetpack_sharing_enabled":true,"jetpack_shortlink":"https:\/\/wp.me\/P9TXVt-6cB","_links":{"self":[{"href":"https:\/\/goatlongboards.com\/en\/wp-json\/wp\/v2\/pages\/23845"}],"collection":[{"href":"https:\/\/goatlongboards.com\/en\/wp-json\/wp\/v2\/pages"}],"about":[{"href":"https:\/\/goatlongboards.com\/en\/wp-json\/wp\/v2\/types\/page"}],"author":[{"embeddable":true,"href":"https:\/\/goatlongboards.com\/en\/wp-json\/wp\/v2\/users\/12"}],"replies":[{"embeddable":true,"href":"https:\/\/goatlongboards.com\/en\/wp-json\/wp\/v2\/comments?post=23845"}],"version-history":[{"count":0,"href":"https:\/\/goatlongboards.com\/en\/wp-json\/wp\/v2\/pages\/23845\/revisions"}],"wp:attachment":[{"href":"https:\/\/goatlongboards.com\/en\/wp-json\/wp\/v2\/media?parent=23845"}],"curies":[{"name":"wp","href":"https:\/\/api.w.org\/{rel}","templated":true}]}}